
{"id":991,"date":"2019-01-15T15:13:31","date_gmt":"2019-01-15T14:13:31","guid":{"rendered":"https:\/\/www.chateau-couhins-lurton.com\/?page_id=991\/"},"modified":"2021-06-02T10:28:53","modified_gmt":"2021-06-02T08:28:53","slug":"couhins-lurton-white","status":"publish","type":"page","link":"https:\/\/www.chateau-couhins-lurton.com\/en\/our-wines\/couhins-lurton-white\/","title":{"rendered":"Couhins Lurton White"},"content":{"rendered":"<p>The characteristic of Ch\u00e2teau Couhins-Lurton white wines, Cru Class\u00e9 de Graves, is to be made from Sauvignon only.<\/p>\n<p>Our\u00a0Sauvignon Blanc is grown on a clay-gravel-limestone soil which gives it a lot of freshness and finesse. The wines produced are very aromatic with delicate notes of white fruit, citrus and white flowers. Thanks to this terroir, they have great ageing potential.<\/p>\n","protected":false},"excerpt":{"rendered":"<p>The characteristic of Ch\u00e2teau Couhins-Lurton white wines, Cru Class\u00e9 de Graves, is to be made from Sauvignon only. Our\u00a0Sauvignon Blanc is grown on a clay-gravel-limestone soil which gives it a lot of freshness and finesse. The wines produced are very aromatic with delicate notes of white fruit, citrus and white flowers. Thanks to this terroir, [&hellip;]<\/p>\n","protected":false},"author":1,"featured_media":1643,"parent":988,"menu_order":0,"comment_status":"closed","ping_status":"closed","template":"tplt-wine-sheet.php","meta":[],"yoast_head":"<!-- This site is optimized with the Yoast SEO plugin v17.1 - https:\/\/yoast.com\/wordpress\/plugins\/seo\/ -->\n<meta name=\"robots\" content=\"index, follow, max-snippet:-1, max-image-preview:large, max-video-preview:-1\" \/>\n<link rel=\"canonical\" href=\"https:\/\/www.chateau-couhins-lurton.com\/en\/our-wines\/couhins-lurton-white\/\" \/>\n<meta property=\"og:locale\" content=\"en_US\" \/>\n<meta property=\"og:type\" content=\"article\" \/>\n<meta property=\"og:title\" content=\"Couhins Lurton White - Ch\u00e2teau Couhins-Lurton\" \/>\n<meta property=\"og:description\" content=\"The characteristic of Ch\u00e2teau Couhins-Lurton white wines, Cru Class\u00e9 de Graves, is to be made from Sauvignon only. Our\u00a0Sauvignon Blanc is grown on a clay-gravel-limestone soil which gives it a lot of freshness and finesse. The wines produced are very aromatic with delicate notes of white fruit, citrus and white flowers. Thanks to this terroir, [&hellip;]\" \/>\n<meta property=\"og:url\" content=\"https:\/\/www.chateau-couhins-lurton.com\/en\/our-wines\/couhins-lurton-white\/\" \/>\n<meta property=\"og:site_name\" content=\"Ch\u00e2teau Couhins-Lurton\" \/>\n<meta property=\"article:modified_time\" content=\"2021-06-02T08:28:53+00:00\" \/>\n<meta property=\"og:image\" content=\"https:\/\/lurton.the-woodstock.com\/wp-content\/uploads\/2017\/03\/back-wines-list.jpg\" \/>\n\t<meta property=\"og:image:width\" content=\"1480\" \/>\n\t<meta property=\"og:image:height\" content=\"1040\" \/>\n<meta name=\"twitter:card\" content=\"summary\" \/>\n<script type=\"application\/ld+json\" class=\"yoast-schema-graph\">{\"@context\":\"https:\/\/schema.org\",\"@graph\":[{\"@type\":\"WebSite\",\"@id\":\"https:\/\/www.chateau-couhins-lurton.com\/en\/#website\",\"url\":\"https:\/\/www.chateau-couhins-lurton.com\/en\/\",\"name\":\"Ch\\u00e2teau Couhins-Lurton\",\"description\":\"Grand Cru Class\\u00e9 de Graves\",\"potentialAction\":[{\"@type\":\"SearchAction\",\"target\":{\"@type\":\"EntryPoint\",\"urlTemplate\":\"https:\/\/www.chateau-couhins-lurton.com\/en\/?s={search_term_string}\"},\"query-input\":\"required name=search_term_string\"}],\"inLanguage\":\"en-US\"},{\"@type\":\"ImageObject\",\"@id\":\"https:\/\/www.chateau-couhins-lurton.com\/en\/our-wines\/couhins-lurton-white\/#primaryimage\",\"inLanguage\":\"en-US\",\"url\":\"https:\/\/www.chateau-couhins-lurton.com\/wp-content\/uploads\/2017\/03\/back-wines-list.jpg\",\"contentUrl\":\"https:\/\/www.chateau-couhins-lurton.com\/wp-content\/uploads\/2017\/03\/back-wines-list.jpg\",\"width\":1480,\"height\":1040},{\"@type\":\"WebPage\",\"@id\":\"https:\/\/www.chateau-couhins-lurton.com\/en\/our-wines\/couhins-lurton-white\/#webpage\",\"url\":\"https:\/\/www.chateau-couhins-lurton.com\/en\/our-wines\/couhins-lurton-white\/\",\"name\":\"Couhins Lurton White - Ch\\u00e2teau Couhins-Lurton\",\"isPartOf\":{\"@id\":\"https:\/\/www.chateau-couhins-lurton.com\/en\/#website\"},\"primaryImageOfPage\":{\"@id\":\"https:\/\/www.chateau-couhins-lurton.com\/en\/our-wines\/couhins-lurton-white\/#primaryimage\"},\"datePublished\":\"2019-01-15T14:13:31+00:00\",\"dateModified\":\"2021-06-02T08:28:53+00:00\",\"breadcrumb\":{\"@id\":\"https:\/\/www.chateau-couhins-lurton.com\/en\/our-wines\/couhins-lurton-white\/#breadcrumb\"},\"inLanguage\":\"en-US\",\"potentialAction\":[{\"@type\":\"ReadAction\",\"target\":[\"https:\/\/www.chateau-couhins-lurton.com\/en\/our-wines\/couhins-lurton-white\/\"]}]},{\"@type\":\"BreadcrumbList\",\"@id\":\"https:\/\/www.chateau-couhins-lurton.com\/en\/our-wines\/couhins-lurton-white\/#breadcrumb\",\"itemListElement\":[{\"@type\":\"ListItem\",\"position\":1,\"name\":\"Accueil\",\"item\":\"https:\/\/www.chateau-couhins-lurton.com\/en\/\"},{\"@type\":\"ListItem\",\"position\":2,\"name\":\"Our Wines\",\"item\":\"https:\/\/www.chateau-couhins-lurton.com\/en\/our-wines\/\"},{\"@type\":\"ListItem\",\"position\":3,\"name\":\"Couhins Lurton White\"}]}]}<\/script>\n<!-- \/ Yoast SEO plugin. -->","yoast_head_json":{"robots":{"index":"index","follow":"follow","max-snippet":"max-snippet:-1","max-image-preview":"max-image-preview:large","max-video-preview":"max-video-preview:-1"},"canonical":"https:\/\/www.chateau-couhins-lurton.com\/en\/our-wines\/couhins-lurton-white\/","og_locale":"en_US","og_type":"article","og_title":"Couhins Lurton White - Ch\u00e2teau Couhins-Lurton","og_description":"The characteristic of Ch\u00e2teau Couhins-Lurton white wines, Cru Class\u00e9 de Graves, is to be made from Sauvignon only. Our\u00a0Sauvignon Blanc is grown on a clay-gravel-limestone soil which gives it a lot of freshness and finesse. The wines produced are very aromatic with delicate notes of white fruit, citrus and white flowers. Thanks to this terroir, [&hellip;]","og_url":"https:\/\/www.chateau-couhins-lurton.com\/en\/our-wines\/couhins-lurton-white\/","og_site_name":"Ch\u00e2teau Couhins-Lurton","article_modified_time":"2021-06-02T08:28:53+00:00","og_image":[{"width":1480,"height":1040,"url":"https:\/\/lurton.the-woodstock.com\/wp-content\/uploads\/2017\/03\/back-wines-list.jpg","path":"\/home\/chateauchc\/www\/wp-content\/uploads\/2017\/03\/back-wines-list.jpg","size":"full","id":1643,"alt":"","pixels":1539200,"type":"image\/jpeg"}],"twitter_card":"summary","schema":{"@context":"https:\/\/schema.org","@graph":[{"@type":"WebSite","@id":"https:\/\/www.chateau-couhins-lurton.com\/en\/#website","url":"https:\/\/www.chateau-couhins-lurton.com\/en\/","name":"Ch\u00e2teau Couhins-Lurton","description":"Grand Cru Class\u00e9 de Graves","potentialAction":[{"@type":"SearchAction","target":{"@type":"EntryPoint","urlTemplate":"https:\/\/www.chateau-couhins-lurton.com\/en\/?s={search_term_string}"},"query-input":"required name=search_term_string"}],"inLanguage":"en-US"},{"@type":"ImageObject","@id":"https:\/\/www.chateau-couhins-lurton.com\/en\/our-wines\/couhins-lurton-white\/#primaryimage","inLanguage":"en-US","url":"https:\/\/www.chateau-couhins-lurton.com\/wp-content\/uploads\/2017\/03\/back-wines-list.jpg","contentUrl":"https:\/\/www.chateau-couhins-lurton.com\/wp-content\/uploads\/2017\/03\/back-wines-list.jpg","width":1480,"height":1040},{"@type":"WebPage","@id":"https:\/\/www.chateau-couhins-lurton.com\/en\/our-wines\/couhins-lurton-white\/#webpage","url":"https:\/\/www.chateau-couhins-lurton.com\/en\/our-wines\/couhins-lurton-white\/","name":"Couhins Lurton White - Ch\u00e2teau Couhins-Lurton","isPartOf":{"@id":"https:\/\/www.chateau-couhins-lurton.com\/en\/#website"},"primaryImageOfPage":{"@id":"https:\/\/www.chateau-couhins-lurton.com\/en\/our-wines\/couhins-lurton-white\/#primaryimage"},"datePublished":"2019-01-15T14:13:31+00:00","dateModified":"2021-06-02T08:28:53+00:00","breadcrumb":{"@id":"https:\/\/www.chateau-couhins-lurton.com\/en\/our-wines\/couhins-lurton-white\/#breadcrumb"},"inLanguage":"en-US","potentialAction":[{"@type":"ReadAction","target":["https:\/\/www.chateau-couhins-lurton.com\/en\/our-wines\/couhins-lurton-white\/"]}]},{"@type":"BreadcrumbList","@id":"https:\/\/www.chateau-couhins-lurton.com\/en\/our-wines\/couhins-lurton-white\/#breadcrumb","itemListElement":[{"@type":"ListItem","position":1,"name":"Accueil","item":"https:\/\/www.chateau-couhins-lurton.com\/en\/"},{"@type":"ListItem","position":2,"name":"Our Wines","item":"https:\/\/www.chateau-couhins-lurton.com\/en\/our-wines\/"},{"@type":"ListItem","position":3,"name":"Couhins Lurton White"}]}]}},"_links":{"self":[{"href":"https:\/\/www.chateau-couhins-lurton.com\/en\/wp-json\/wp\/v2\/pages\/991"}],"collection":[{"href":"https:\/\/www.chateau-couhins-lurton.com\/en\/wp-json\/wp\/v2\/pages"}],"about":[{"href":"https:\/\/www.chateau-couhins-lurton.com\/en\/wp-json\/wp\/v2\/types\/page"}],"author":[{"embeddable":true,"href":"https:\/\/www.chateau-couhins-lurton.com\/en\/wp-json\/wp\/v2\/users\/1"}],"replies":[{"embeddable":true,"href":"https:\/\/www.chateau-couhins-lurton.com\/en\/wp-json\/wp\/v2\/comments?post=991"}],"version-history":[{"count":7,"href":"https:\/\/www.chateau-couhins-lurton.com\/en\/wp-json\/wp\/v2\/pages\/991\/revisions"}],"predecessor-version":[{"id":1535,"href":"https:\/\/www.chateau-couhins-lurton.com\/en\/wp-json\/wp\/v2\/pages\/991\/revisions\/1535"}],"up":[{"embeddable":true,"href":"https:\/\/www.chateau-couhins-lurton.com\/en\/wp-json\/wp\/v2\/pages\/988"}],"wp:featuredmedia":[{"embeddable":true,"href":"https:\/\/www.chateau-couhins-lurton.com\/en\/wp-json\/wp\/v2\/media\/1643"}],"wp:attachment":[{"href":"https:\/\/www.chateau-couhins-lurton.com\/en\/wp-json\/wp\/v2\/media?parent=991"}],"curies":[{"name":"wp","href":"https:\/\/api.w.org\/{rel}","templated":true}]}}