
{"id":1359,"date":"2021-05-18T02:38:11","date_gmt":"2021-05-18T00:38:11","guid":{"rendered":"https:\/\/www.chateau-couhins-lurton.com\/?page_id=1359\/"},"modified":"2021-05-18T16:53:08","modified_gmt":"2021-05-18T14:53:08","slug":"valerie-lavigne","status":"publish","type":"page","link":"https:\/\/www.chateau-couhins-lurton.com\/en\/the-women-and-the-men\/valerie-lavigne\/","title":{"rendered":"Val\u00e9rie Lavigne"},"content":{"rendered":"<p><strong>Passion&#8230; Precision<\/strong><\/p>\n<p>Val\u00e9rie is a oenologist consultant, in charge of research for the Seguin Moreau cooperage, partnered with the Bordeaux oenology faculty (ISVV). She was a student and collaborator of Professor Denis Dubourdieu, an international white wine specialist. For nearly 20 years, she has been advising our teams and putting all her expertise in great white wines at the service of our Cru Class\u00e9.<\/p>\n","protected":false},"excerpt":{"rendered":"<p>Passion&#8230; Precision Val\u00e9rie is a oenologist consultant, in charge of research for the Seguin Moreau cooperage, partnered with the Bordeaux oenology faculty (ISVV). She was a student and collaborator of Professor Denis Dubourdieu, an international white wine specialist. For nearly 20 years, she has been advising our teams and putting all her expertise in great [&hellip;]<\/p>\n","protected":false},"author":2,"featured_media":1358,"parent":919,"menu_order":6,"comment_status":"closed","ping_status":"closed","template":"","meta":[],"yoast_head":"<!-- This site is optimized with the Yoast SEO plugin v17.1 - https:\/\/yoast.com\/wordpress\/plugins\/seo\/ -->\n<meta name=\"robots\" content=\"index, follow, max-snippet:-1, max-image-preview:large, max-video-preview:-1\" \/>\n<link rel=\"canonical\" href=\"https:\/\/www.chateau-couhins-lurton.com\/en\/the-women-and-the-men\/valerie-lavigne\/\" \/>\n<meta property=\"og:locale\" content=\"en_US\" \/>\n<meta property=\"og:type\" content=\"article\" \/>\n<meta property=\"og:title\" content=\"Val\u00e9rie Lavigne - Ch\u00e2teau Couhins-Lurton\" \/>\n<meta property=\"og:description\" content=\"Passion&#8230; Precision Val\u00e9rie is a oenologist consultant, in charge of research for the Seguin Moreau cooperage, partnered with the Bordeaux oenology faculty (ISVV). She was a student and collaborator of Professor Denis Dubourdieu, an international white wine specialist. For nearly 20 years, she has been advising our teams and putting all her expertise in great [&hellip;]\" \/>\n<meta property=\"og:url\" content=\"https:\/\/www.chateau-couhins-lurton.com\/en\/the-women-and-the-men\/valerie-lavigne\/\" \/>\n<meta property=\"og:site_name\" content=\"Ch\u00e2teau Couhins-Lurton\" \/>\n<meta property=\"article:modified_time\" content=\"2021-05-18T14:53:08+00:00\" \/>\n<meta property=\"og:image\" content=\"https:\/\/www.chateau-couhins-lurton.com\/wp-content\/uploads\/2021\/05\/Val\u00e9rie-Lavigne.jpg\" \/>\n\t<meta property=\"og:image:width\" content=\"1480\" \/>\n\t<meta property=\"og:image:height\" content=\"800\" \/>\n<meta name=\"twitter:card\" content=\"summary\" \/>\n<script type=\"application\/ld+json\" class=\"yoast-schema-graph\">{\"@context\":\"https:\/\/schema.org\",\"@graph\":[{\"@type\":\"WebSite\",\"@id\":\"https:\/\/www.chateau-couhins-lurton.com\/en\/#website\",\"url\":\"https:\/\/www.chateau-couhins-lurton.com\/en\/\",\"name\":\"Ch\\u00e2teau Couhins-Lurton\",\"description\":\"Grand Cru Class\\u00e9 de Graves\",\"potentialAction\":[{\"@type\":\"SearchAction\",\"target\":{\"@type\":\"EntryPoint\",\"urlTemplate\":\"https:\/\/www.chateau-couhins-lurton.com\/en\/?s={search_term_string}\"},\"query-input\":\"required name=search_term_string\"}],\"inLanguage\":\"en-US\"},{\"@type\":\"ImageObject\",\"@id\":\"https:\/\/www.chateau-couhins-lurton.com\/en\/the-women-and-the-men\/valerie-lavigne\/#primaryimage\",\"inLanguage\":\"en-US\",\"url\":\"https:\/\/www.chateau-couhins-lurton.com\/wp-content\/uploads\/2021\/05\/Val\\u00e9rie-Lavigne.jpg\",\"contentUrl\":\"https:\/\/www.chateau-couhins-lurton.com\/wp-content\/uploads\/2021\/05\/Val\\u00e9rie-Lavigne.jpg\",\"width\":1480,\"height\":800},{\"@type\":\"WebPage\",\"@id\":\"https:\/\/www.chateau-couhins-lurton.com\/en\/the-women-and-the-men\/valerie-lavigne\/#webpage\",\"url\":\"https:\/\/www.chateau-couhins-lurton.com\/en\/the-women-and-the-men\/valerie-lavigne\/\",\"name\":\"Val\\u00e9rie Lavigne - Ch\\u00e2teau Couhins-Lurton\",\"isPartOf\":{\"@id\":\"https:\/\/www.chateau-couhins-lurton.com\/en\/#website\"},\"primaryImageOfPage\":{\"@id\":\"https:\/\/www.chateau-couhins-lurton.com\/en\/the-women-and-the-men\/valerie-lavigne\/#primaryimage\"},\"datePublished\":\"2021-05-18T00:38:11+00:00\",\"dateModified\":\"2021-05-18T14:53:08+00:00\",\"breadcrumb\":{\"@id\":\"https:\/\/www.chateau-couhins-lurton.com\/en\/the-women-and-the-men\/valerie-lavigne\/#breadcrumb\"},\"inLanguage\":\"en-US\",\"potentialAction\":[{\"@type\":\"ReadAction\",\"target\":[\"https:\/\/www.chateau-couhins-lurton.com\/en\/the-women-and-the-men\/valerie-lavigne\/\"]}]},{\"@type\":\"BreadcrumbList\",\"@id\":\"https:\/\/www.chateau-couhins-lurton.com\/en\/the-women-and-the-men\/valerie-lavigne\/#breadcrumb\",\"itemListElement\":[{\"@type\":\"ListItem\",\"position\":1,\"name\":\"Accueil\",\"item\":\"https:\/\/www.chateau-couhins-lurton.com\/en\/\"},{\"@type\":\"ListItem\",\"position\":2,\"name\":\"The women and the men\",\"item\":\"https:\/\/www.chateau-couhins-lurton.com\/en\/the-women-and-the-men\/\"},{\"@type\":\"ListItem\",\"position\":3,\"name\":\"Val\\u00e9rie Lavigne\"}]}]}<\/script>\n<!-- \/ Yoast SEO plugin. -->","yoast_head_json":{"robots":{"index":"index","follow":"follow","max-snippet":"max-snippet:-1","max-image-preview":"max-image-preview:large","max-video-preview":"max-video-preview:-1"},"canonical":"https:\/\/www.chateau-couhins-lurton.com\/en\/the-women-and-the-men\/valerie-lavigne\/","og_locale":"en_US","og_type":"article","og_title":"Val\u00e9rie Lavigne - Ch\u00e2teau Couhins-Lurton","og_description":"Passion&#8230; Precision Val\u00e9rie is a oenologist consultant, in charge of research for the Seguin Moreau cooperage, partnered with the Bordeaux oenology faculty (ISVV). She was a student and collaborator of Professor Denis Dubourdieu, an international white wine specialist. For nearly 20 years, she has been advising our teams and putting all her expertise in great [&hellip;]","og_url":"https:\/\/www.chateau-couhins-lurton.com\/en\/the-women-and-the-men\/valerie-lavigne\/","og_site_name":"Ch\u00e2teau Couhins-Lurton","article_modified_time":"2021-05-18T14:53:08+00:00","og_image":[{"width":1480,"height":800,"url":"https:\/\/www.chateau-couhins-lurton.com\/wp-content\/uploads\/2021\/05\/Val\u00e9rie-Lavigne.jpg","path":"\/home\/chateauchc\/www\/wp-content\/uploads\/2021\/05\/Val\u00e9rie-Lavigne.jpg","size":"full","id":1358,"alt":"","pixels":1184000,"type":"image\/jpeg"}],"twitter_card":"summary","schema":{"@context":"https:\/\/schema.org","@graph":[{"@type":"WebSite","@id":"https:\/\/www.chateau-couhins-lurton.com\/en\/#website","url":"https:\/\/www.chateau-couhins-lurton.com\/en\/","name":"Ch\u00e2teau Couhins-Lurton","description":"Grand Cru Class\u00e9 de Graves","potentialAction":[{"@type":"SearchAction","target":{"@type":"EntryPoint","urlTemplate":"https:\/\/www.chateau-couhins-lurton.com\/en\/?s={search_term_string}"},"query-input":"required name=search_term_string"}],"inLanguage":"en-US"},{"@type":"ImageObject","@id":"https:\/\/www.chateau-couhins-lurton.com\/en\/the-women-and-the-men\/valerie-lavigne\/#primaryimage","inLanguage":"en-US","url":"https:\/\/www.chateau-couhins-lurton.com\/wp-content\/uploads\/2021\/05\/Val\u00e9rie-Lavigne.jpg","contentUrl":"https:\/\/www.chateau-couhins-lurton.com\/wp-content\/uploads\/2021\/05\/Val\u00e9rie-Lavigne.jpg","width":1480,"height":800},{"@type":"WebPage","@id":"https:\/\/www.chateau-couhins-lurton.com\/en\/the-women-and-the-men\/valerie-lavigne\/#webpage","url":"https:\/\/www.chateau-couhins-lurton.com\/en\/the-women-and-the-men\/valerie-lavigne\/","name":"Val\u00e9rie Lavigne - Ch\u00e2teau Couhins-Lurton","isPartOf":{"@id":"https:\/\/www.chateau-couhins-lurton.com\/en\/#website"},"primaryImageOfPage":{"@id":"https:\/\/www.chateau-couhins-lurton.com\/en\/the-women-and-the-men\/valerie-lavigne\/#primaryimage"},"datePublished":"2021-05-18T00:38:11+00:00","dateModified":"2021-05-18T14:53:08+00:00","breadcrumb":{"@id":"https:\/\/www.chateau-couhins-lurton.com\/en\/the-women-and-the-men\/valerie-lavigne\/#breadcrumb"},"inLanguage":"en-US","potentialAction":[{"@type":"ReadAction","target":["https:\/\/www.chateau-couhins-lurton.com\/en\/the-women-and-the-men\/valerie-lavigne\/"]}]},{"@type":"BreadcrumbList","@id":"https:\/\/www.chateau-couhins-lurton.com\/en\/the-women-and-the-men\/valerie-lavigne\/#breadcrumb","itemListElement":[{"@type":"ListItem","position":1,"name":"Accueil","item":"https:\/\/www.chateau-couhins-lurton.com\/en\/"},{"@type":"ListItem","position":2,"name":"The women and the men","item":"https:\/\/www.chateau-couhins-lurton.com\/en\/the-women-and-the-men\/"},{"@type":"ListItem","position":3,"name":"Val\u00e9rie Lavigne"}]}]}},"_links":{"self":[{"href":"https:\/\/www.chateau-couhins-lurton.com\/en\/wp-json\/wp\/v2\/pages\/1359"}],"collection":[{"href":"https:\/\/www.chateau-couhins-lurton.com\/en\/wp-json\/wp\/v2\/pages"}],"about":[{"href":"https:\/\/www.chateau-couhins-lurton.com\/en\/wp-json\/wp\/v2\/types\/page"}],"author":[{"embeddable":true,"href":"https:\/\/www.chateau-couhins-lurton.com\/en\/wp-json\/wp\/v2\/users\/2"}],"replies":[{"embeddable":true,"href":"https:\/\/www.chateau-couhins-lurton.com\/en\/wp-json\/wp\/v2\/comments?post=1359"}],"version-history":[{"count":2,"href":"https:\/\/www.chateau-couhins-lurton.com\/en\/wp-json\/wp\/v2\/pages\/1359\/revisions"}],"predecessor-version":[{"id":1361,"href":"https:\/\/www.chateau-couhins-lurton.com\/en\/wp-json\/wp\/v2\/pages\/1359\/revisions\/1361"}],"up":[{"embeddable":true,"href":"https:\/\/www.chateau-couhins-lurton.com\/en\/wp-json\/wp\/v2\/pages\/919"}],"wp:featuredmedia":[{"embeddable":true,"href":"https:\/\/www.chateau-couhins-lurton.com\/en\/wp-json\/wp\/v2\/media\/1358"}],"wp:attachment":[{"href":"https:\/\/www.chateau-couhins-lurton.com\/en\/wp-json\/wp\/v2\/media?parent=1359"}],"curies":[{"name":"wp","href":"https:\/\/api.w.org\/{rel}","templated":true}]}}